{"id":3,"date":"2021-12-16T13:29:37","date_gmt":"2021-12-16T16:29:37","guid":{"rendered":"https:\/\/plansul.net\/?page_id=3"},"modified":"2022-01-11T18:50:32","modified_gmt":"2022-01-11T21:50:32","slug":"quem-somos","status":"publish","type":"page","link":"https:\/\/plansul.net\/index.php\/quem-somos\/","title":{"rendered":"Quem Somos"},"content":{"rendered":"\n<h2 class=\"wp-block-heading\"><\/h2>\n\n\n\n<p>Criado em 15 de mar\u00e7o de 1993, antes da regulamenta\u00e7\u00e3o deste segmento, como o plano de sa\u00fade pr\u00f3prio da Santa Casa de Itabuna, sob a designa\u00e7\u00e3o de PLANSUL, na modalidade exclusivamente hospitalar e na condi\u00e7\u00e3o de um setor da Santa Casa. O objetivo da Santa Casa se somava, em \u00e2mbito nacional, a a\u00e7\u00f5es similares buscando mecanismos legais de capta\u00e7\u00e3o de recursos complementares aos oriundos da gest\u00e3o SUS. Em contrapartida a Institui\u00e7\u00e3o Hospitalar oferecia um upgrade aos compradores desse produto na forma de acesso a acomoda\u00e7\u00f5es privativas e semi privativas na necessidade do internamento pelo sistema p\u00fablico de sa\u00fade.<\/p>\n\n\n\n<p>A partir do advento, em 1998, da cria\u00e7\u00e3o da Agencia Nacional de Sa\u00fade \u2013 ANS; da regula\u00e7\u00e3o do setor e; novas legisla\u00e7\u00f5es sobre direitos do consumidor, esses contribuintes espont\u00e2neos foram al\u00e7ados a condi\u00e7\u00e3o de benefici\u00e1rios, o PLANSUL se adequou \u00e0s normas da ANS e a Santa Casa de Miseric\u00f3rdia virou oficialmente Operadora de Plano de Sa\u00fade do segmento filantr\u00f3pico, sob a denomina\u00e7\u00e3o Santa Casa de Miseric\u00f3rdia de Itabuna \u2013 PLANSUL e passou a comercializar, em 01 de janeiro de 1999, planos de sa\u00fade registrados dentro da lei vigente nas modalidades Ambulatorial Individual\/Familiar e Empresarial.<\/p>\n\n\n\n<p>Em 2015, levando a termo decis\u00e3o estrat\u00e9gica tomada em momento anterior, a atividade Plano de Sa\u00fade foi segregada da Santa Casa de Itabuna, dando origem \u00e0 atual operadora Associa\u00e7\u00e3o do Plano de Sa\u00fade da Santa Casa de Miseric\u00f3rdia de Itabuna \u2013 PLANSUL, que atua sob o nome fantasia PLANSUL, registro ANS &#8211; n\u00ba 42.000-0. Vencidas as barreiras burocr\u00e1ticas de transfer\u00eancia de carteira, registro de produtos, forma\u00e7\u00e3o de ativos garantidores, a rec\u00e9m constitu\u00edda operadora passou a atuar com constitui\u00e7\u00e3o e gest\u00e3o pr\u00f3prias, utilizando como base os servi\u00e7os ambulatoriais e hospitalares da Santa Casa de Itabuna e outros parceiros estabelecidos na cidade de Itabuna. Em 2016 a ANS autorizou a comercializa\u00e7\u00e3o dos novos produtos, iniciando uma continua consolida\u00e7\u00e3o no mercado local.<\/p>\n\n\n\n<p>Hoje, o PLANSUL assiste 11.850 vidas, portanto \u00e9 uma operadora de pequeno porte, classificada no segmento de medicina de grupo, de abrang\u00eancia municipal e na modalidade de servi\u00e7os verticalizada; traz indicadores positivos em todos os quesitos avaliados pela ANS e se coloca ao seu p\u00fablico alvo como o melhor custo\/benef\u00edcio. \u200b<\/p>\n\n\n\n<p>Trabalhamos com plataformas de ERP integrando 100% da assist\u00eancia e dos processos administrativos financeiros; Assist\u00eancia verticalizada atrav\u00e9s de centro m\u00e9dico pr\u00f3prio com 24 especialidades, estrutura hospitalar da Santa Casa de Itabuna, modalidades de remunera\u00e7\u00e3o tipo captation na assist\u00eancia oftalmol\u00f3gica, por remunera\u00e7\u00e3o global para outros parceiros, al\u00e9m de uma pequena parte ainda pelo sistema fee for service; H\u00e1 3 meses implantamos servi\u00e7o de Assist\u00eancia Prim\u00e1ria em Sa\u00fade &#8211; APS, agregando an\u00e1lise do banco de dados sobre a sa\u00fade de todos os benefici\u00e1rios, monitoramento continuo a grupos de risco e acompanhamento a pacientes em cuidado hospitalar e domiciliar; Estamos em fase de implanta\u00e7\u00e3o de ferramentas de tele consulta e intera\u00e7\u00e3o das equipes multiprofissionais com os benefici\u00e1rios; Iniciamos alinhamento de a\u00e7\u00f5es para, em um ano, estarmos com processos 100% digitalizados e; Em paralelo, iniciamos viabilidade da amplia\u00e7\u00e3o do mercado de atua\u00e7\u00e3o visando a abrang\u00eancia grupo de munic\u00edpios.<\/p>\n","protected":false},"excerpt":{"rendered":"<p>Criado em 15 de mar\u00e7o de 1993, antes da regulamenta\u00e7\u00e3o deste segmento, como o plano de sa\u00fade pr\u00f3prio da Santa Casa de Itabuna, sob a designa\u00e7\u00e3o de PLANSUL, na modalidade exclusivamente hospitalar e na condi\u00e7\u00e3o de um setor da Santa Casa. O objetivo da Santa Casa se somava, em \u00e2mbito nacional, a a\u00e7\u00f5es similares buscando&#8230;<\/p>\n","protected":false},"author":1,"featured_media":0,"parent":0,"menu_order":0,"comment_status":"closed","ping_status":"open","template":"","meta":{"inline_featured_image":false,"footnotes":""},"class_list":["post-3","page","type-page","status-publish","hentry"],"acf":[],"_links":{"self":[{"href":"https:\/\/plansul.net\/index.php\/wp-json\/wp\/v2\/pages\/3"}],"collection":[{"href":"https:\/\/plansul.net\/index.php\/wp-json\/wp\/v2\/pages"}],"about":[{"href":"https:\/\/plansul.net\/index.php\/wp-json\/wp\/v2\/types\/page"}],"author":[{"embeddable":true,"href":"https:\/\/plansul.net\/index.php\/wp-json\/wp\/v2\/users\/1"}],"replies":[{"embeddable":true,"href":"https:\/\/plansul.net\/index.php\/wp-json\/wp\/v2\/comments?post=3"}],"version-history":[{"count":1,"href":"https:\/\/plansul.net\/index.php\/wp-json\/wp\/v2\/pages\/3\/revisions"}],"predecessor-version":[{"id":7646,"href":"https:\/\/plansul.net\/index.php\/wp-json\/wp\/v2\/pages\/3\/revisions\/7646"}],"wp:attachment":[{"href":"https:\/\/plansul.net\/index.php\/wp-json\/wp\/v2\/media?parent=3"}],"curies":[{"name":"wp","href":"https:\/\/api.w.org\/{rel}","templated":true}]}}